{"id":7972,"date":"2023-02-13T09:28:24","date_gmt":"2023-02-13T08:28:24","guid":{"rendered":"https:\/\/flywithandy.gestaltung-kommunikation.de\/destination\/"},"modified":"2023-07-06T10:19:24","modified_gmt":"2023-07-06T08:19:24","slug":"destination","status":"publish","type":"page","link":"https:\/\/flywithandy.gestaltung-kommunikation.de\/en\/destination\/","title":{"rendered":"Destination"},"content":{"rendered":"\t\t<div data-elementor-type=\"wp-page\" data-elementor-id=\"7972\" class=\"elementor elementor-7972 elementor-437\" data-elementor-post-type=\"page\">\n\t\t\t\t\t\t\t\t\t<section class=\"elementor-section elementor-top-section elementor-element elementor-element-cca6070 elementor-section-boxed elementor-section-height-default elementor-section-height-default\" data-id=\"cca6070\" data-element_type=\"section\">\n\t\t\t\t\t\t<div class=\"elementor-container elementor-column-gap-default\">\n\t\t\t\t\t<div class=\"elementor-column elementor-col-100 elementor-top-column elementor-element elementor-element-2cff807\" data-id=\"2cff807\" data-element_type=\"column\">\n\t\t\t<div class=\"elementor-widget-wrap elementor-element-populated\">\n\t\t\t\t\t\t\t\t<div class=\"elementor-element elementor-element-629c271 elementor-widget elementor-widget-heading\" data-id=\"629c271\" data-element_type=\"widget\" data-widget_type=\"heading.default\">\n\t\t\t\t<div class=\"elementor-widget-container\">\n\t\t\t<h1 class=\"elementor-heading-title elementor-size-default\">Our destinations<\/h1>\t\t<\/div>\n\t\t\t\t<\/div>\n\t\t\t\t\t<\/div>\n\t\t<\/div>\n\t\t\t\t\t\t\t<\/div>\n\t\t<\/section>\n\t\t\t\t<section class=\"elementor-section elementor-top-section elementor-element elementor-element-121c82c elementor-section-boxed elementor-section-height-default elementor-section-height-default\" data-id=\"121c82c\" data-element_type=\"section\">\n\t\t\t\t\t\t<div class=\"elementor-container elementor-column-gap-default\">\n\t\t\t\t\t<div class=\"elementor-column elementor-col-100 elementor-top-column elementor-element elementor-element-2ec594d\" data-id=\"2ec594d\" data-element_type=\"column\">\n\t\t\t<div class=\"elementor-widget-wrap elementor-element-populated\">\n\t\t\t\t\t\t\t\t<div class=\"elementor-element elementor-element-4085e28 elementor-widget elementor-widget-MEC\" data-id=\"4085e28\" data-element_type=\"widget\" data-widget_type=\"MEC.default\">\n\t\t\t\t<div class=\"elementor-widget-container\">\n\t\t\t<div class=\"mec-wrap mec-skin-grid-container  \" id=\"mec_skin_695\">\n\n    <div id=\"mec_search_form_695\" class=\"mec-search-form mec-totalcal-box\"><div class=\"mec-dropdown-wrap\" ><div class=\"mec-dropdown-search\"><i class=\"mec-sl-folder\"><\/i><select  name=' ' id='mec_sf_category_695' class='postform'>\n\t<option value='' selected='selected'>Destination<\/option>\n\t<option class=\"level-0\" value=\"297\">gift card<\/option>\n\t<option class=\"level-0\" value=\"338\">Kyrgyzstan<\/option>\n\t<option class=\"level-0\" value=\"269\">Abruzzo<\/option>\n\t<option class=\"level-0\" value=\"311\">Apennines<\/option>\n\t<option class=\"level-0\" value=\"235\">Dolomites<\/option>\n\t<option class=\"level-0\" value=\"304\">Napoli-Rome<\/option>\n\t<option class=\"level-0\" value=\"291\">Napoli-Sicily<\/option>\n\t<option class=\"level-0\" value=\"254\">San Fermo<\/option>\n\t<option class=\"level-0\" value=\"282\">Sicily<\/option>\n\t<option class=\"level-0\" value=\"272\">Albania<\/option>\n\t<option class=\"level-0\" value=\"274\">Bosnia and Herzegovina<\/option>\n\t<option class=\"level-0\" value=\"256\">Greece<\/option>\n\t<option class=\"level-0\" value=\"273\">Kosovo<\/option>\n\t<option class=\"level-0\" value=\"351\">Montenegro<\/option>\n\t<option class=\"level-0\" value=\"219\">North Macedonia<\/option>\n\t<option class=\"level-0\" value=\"275\">Slovenia<\/option>\n\t<option class=\"level-0\" value=\"227\">Alpine region in general<\/option>\n\t<option class=\"level-0\" value=\"248\">Austria<\/option>\n\t<option class=\"level-0\" value=\"225\">Switzerland<\/option>\n\t<option class=\"level-0\" value=\"281\">Andalusia<\/option>\n\t<option class=\"level-0\" value=\"305\">Central Spain<\/option>\n\t<option class=\"level-0\" value=\"309\">Northern Spain<\/option>\n\t<option class=\"level-0\" value=\"266\">Portugal<\/option>\n\t<option class=\"level-0\" value=\"293\">Pyrenees<\/option>\n\t<option class=\"level-0\" value=\"261\">Argentina \/ Uruguay<\/option>\n\t<option class=\"level-0\" value=\"218\">Caico<\/option>\n\t<option class=\"level-0\" value=\"302\">Colombia<\/option>\n\t<option class=\"level-0\" value=\"251\">Espirito Santo<\/option>\n\t<option class=\"level-0\" value=\"262\">Sertao<\/option>\n\t<option class=\"level-0\" value=\"278\">South Brazil<\/option>\n\t<option class=\"level-0\" value=\"288\">Australia<\/option>\n\t<option class=\"level-0\" value=\"265\">England and Wales<\/option>\n\t<option class=\"level-0\" value=\"290\">Gourdon<\/option>\n\t<option class=\"level-0\" value=\"253\">South of France<\/option>\n\t<option class=\"level-0\" value=\"295\">Lithuania \/ Latvia<\/option>\n\t<option class=\"level-0\" value=\"286\">Slovakia<\/option>\n\t<option class=\"level-0\" value=\"230\">Mexico<\/option>\n\t<option class=\"level-0\" value=\"300\">South Africa<\/option>\n<\/select>\n<\/div><div class=\"mec-dropdown-search\"><i class=\"mec-sl-tag\"><\/i><select  name=' ' id='mec_sf_tag_695' class='postform'>\n\t<option value='' selected='selected'>Tag<\/option>\n\t<option class=\"level-0\" value=\"315\">Adventure trip<\/option>\n\t<option class=\"level-0\" value=\"270\">Campertour<\/option>\n\t<option class=\"level-0\" value=\"239\">Hike&amp;Fly \/ Active vacations<\/option>\n\t<option class=\"level-0\" value=\"203\">Holiday Feeling<\/option>\n\t<option class=\"level-0\" value=\"247\">Road trip<\/option>\n\t<option class=\"level-0\" value=\"204\">Training camp<\/option>\n\t<option class=\"level-0\" value=\"205\">Winch flying<\/option>\n<\/select>\n<\/div><\/div><div class=\"mec-date-search\"><input type=\"hidden\" id=\"mec-filter-none\" value=\"Select\"><i class=\"mec-sl-calendar\"><\/i>\n                    <select id=\"mec_sf_month_695\" title=\"Month Filter\">\n                        <option class=\"mec-none-item\" value=\"none\" selected=\"selected\">Select<\/option><option value=\"01\">January<\/option><option value=\"02\">February<\/option><option value=\"03\">March<\/option><option value=\"04\">April<\/option><option value=\"05\">May<\/option><option value=\"06\">June<\/option><option value=\"07\">July<\/option><option value=\"08\">August<\/option><option value=\"09\">September<\/option><option value=\"10\">October<\/option><option value=\"11\">November<\/option><option value=\"12\">December<\/option><\/select><select id=\"mec_sf_year_695\" title=\"Year Filter\"><option class=\"mec-none-item\" value=\"none\" selected=\"selected\">Select<\/option><option value=\"2023\" >2023<\/option><option value=\"2024\" >2024<\/option><option value=\"2025\" >2025<\/option><option value=\"2026\" >2026<\/option><option value=\"2027\" >2027<\/option><option value=\"2028\" >2028<\/option><option value=\"2029\" >2029<\/option><option value=\"2030\" >2030<\/option><\/select><\/div><\/div>\n        <div class=\"mec-skin-grid-events-container\" id=\"mec_skin_events_695\">\n        No event found!    <\/div>\n    \n    \n<\/div>\n\t\t<\/div>\n\t\t\t\t<\/div>\n\t\t\t\t\t<\/div>\n\t\t<\/div>\n\t\t\t\t\t\t\t<\/div>\n\t\t<\/section>\n\t\t\t\t\t\t\t<\/div>\n\t\t","protected":false},"excerpt":{"rendered":"<p>Our destinations ReisezielAbruzzenAlbanienAlpenraum allgemeinAndalusienApenninAustralienBosnien-HerzegovinaCosta RicaDolomitenEngland und WalesGeorgienGourdonGriechenlandGutscheinKosovoLitauen \/ LettlandMexicoNapoli-RomNapoli-SizilienNordmazedonienNordspanien\u00d6sterreichPortugalPyren\u00e4enSan FermoSchweizSizilienSlowakeiSlowenienS\u00fcdafrikaS\u00fcdfrankreichZentralspanienArgentinien \/ UruguayCaicoEspirito SantoKolumbienSertaoS\u00fcdbrasilien SchlagwortAbenteuerreiseCampertourFerienfeelingHike&amp;Fly \/ AktivferienRoadtripTrainingscampWindenfliegen Ausw\u00e4hlenJanuarFebruarM\u00e4rzAprilMaiJuniJuliAugustSeptemberOktoberNovemberDezemberAusw\u00e4hlen20232024202520262027 Nadines Costa Rica Tour 06 &#8211; 14 Juli 2023 Costa Rica #Hash1 #Hash2 #Hash3 #Hash4 #Hash5 Abenteuerreise Ferienfeeling Trainingscamp Windenfliegen Nordmazedonien XC 1 08 &#8211; 15 Juli 2023 Nordmazedonien XC Einsteiger bis Advanced Trainingscamp Theoriebl\u00f6cke Trainingscamp Ausgebucht Nordmazedonien [&hellip;]<\/p>\n","protected":false},"author":3,"featured_media":0,"parent":0,"menu_order":0,"comment_status":"closed","ping_status":"closed","template":"elementor_theme","meta":{"footnotes":""},"class_list":["post-7972","page","type-page","status-publish","hentry"],"_links":{"self":[{"href":"https:\/\/flywithandy.gestaltung-kommunikation.de\/en\/wp-json\/wp\/v2\/pages\/7972","targetHints":{"allow":["GET"]}}],"collection":[{"href":"https:\/\/flywithandy.gestaltung-kommunikation.de\/en\/wp-json\/wp\/v2\/pages"}],"about":[{"href":"https:\/\/flywithandy.gestaltung-kommunikation.de\/en\/wp-json\/wp\/v2\/types\/page"}],"author":[{"embeddable":true,"href":"https:\/\/flywithandy.gestaltung-kommunikation.de\/en\/wp-json\/wp\/v2\/users\/3"}],"replies":[{"embeddable":true,"href":"https:\/\/flywithandy.gestaltung-kommunikation.de\/en\/wp-json\/wp\/v2\/comments?post=7972"}],"version-history":[{"count":0,"href":"https:\/\/flywithandy.gestaltung-kommunikation.de\/en\/wp-json\/wp\/v2\/pages\/7972\/revisions"}],"wp:attachment":[{"href":"https:\/\/flywithandy.gestaltung-kommunikation.de\/en\/wp-json\/wp\/v2\/media?parent=7972"}],"curies":[{"name":"wp","href":"https:\/\/api.w.org\/{rel}","templated":true}]}}